{"id":1077,"date":"2024-02-29T15:39:28","date_gmt":"2024-02-29T15:39:28","guid":{"rendered":"https:\/\/postesalelles.com\/product\/caja-maleta-negro\/"},"modified":"2024-02-29T15:39:28","modified_gmt":"2024-02-29T15:39:28","slug":"caja-maleta-negro","status":"publish","type":"product","link":"https:\/\/postesalelles.com\/es\/producto\/caja-maleta-negro\/","title":{"rendered":"Caja Maleta Negro"},"content":{"rendered":"<p>Una selecci\u00f3n ideal para regalar y\/o degustar.<\/p>\n<p>Vino Ecol\u00f3gico El Brot Negro. El Brot de Salelles Joven es un vino ecol\u00f3gico joven, intenso y limpio con notas de fruta y un toque de madera. Integra armoniosamente alcohol y \u00e1cidos. D.O. Plan de Bages.<\/p>\n<p>Cerveza Poste Salelles Lager. Cerveza de estilo Lager, con espuma fina y blanca. podemos distinguir fragancias de malta pils y un sutil toque afrutado. Una vez en la boca, con un cuerpo ligero, podemos encontrar rasgos de la malta de esta cerveza. Con un retrogust ligeramente afrutado y seco, que nos invita a continuar bebiendo!<\/p>\n<p>Cerveza Poste Salelles Marzen. Una cerveza de estilo Marzen, de aspecto transparente, color \u00e1mbar y con espuma fina y blanca. Una vez dentro de la boca, encontramos el predominio de las maltas con toques ligeros de maltas caramelizadas.<\/p>\n<p>Cerveza Poste Salelles Ipa. Una cerveza de estilo Indian Pale Ale. En un principio consigue un gran equilibrio por su ligereza y sutil amargura. Tiene un final seco y con un ligero toque c\u00edtrico. Es este toque afrutado que le da un final completo.<\/p>\n<p>Salesco Pepper Sauce.<\/p>\n","protected":false},"excerpt":{"rendered":"<p>Una selecci\u00f3n ideal para regalar y\/o degustar. Vino Ecol\u00f3gico El Brot Negro. El Brot de Salelles Joven es un vino [&hellip;]<\/p>\n","protected":false},"featured_media":410,"comment_status":"open","ping_status":"closed","template":"","meta":{"site-sidebar-layout":"default","site-content-layout":"","ast-site-content-layout":"default","site-content-style":"default","site-sidebar-style":"default","ast-global-header-display":"","ast-banner-title-visibility":"","ast-main-header-display":"","ast-hfb-above-header-display":"","ast-hfb-below-header-display":"","ast-hfb-mobile-header-display":"","site-post-title":"","ast-breadcrumbs-content":"","ast-featured-img":"","footer-sml-layout":"","theme-transparent-header-meta":"default","adv-header-id-meta":"","stick-header-meta":"","header-above-stick-meta":"","header-main-stick-meta":"","header-below-stick-meta":"","astra-migrate-meta-layouts":"default","ast-page-background-enabled":"default","ast-page-background-meta":{"desktop":{"background-color":"var(--ast-global-color-4)","background-image":"","background-repeat":"repeat","background-position":"center center","background-size":"auto","background-attachment":"scroll","background-type":"","background-media":"","overlay-type":"","overlay-color":"","overlay-gradient":""},"tablet":{"background-color":"","background-image":"","background-repeat":"repeat","background-position":"center center","background-size":"auto","background-attachment":"scroll","background-type":"","background-media":"","overlay-type":"","overlay-color":"","overlay-gradient":""},"mobile":{"background-color":"","background-image":"","background-repeat":"repeat","background-position":"center center","background-size":"auto","background-attachment":"scroll","background-type":"","background-media":"","overlay-type":"","overlay-color":"","overlay-gradient":""}},"ast-content-background-meta":{"desktop":{"background-color":"var(--ast-global-color-5)","background-image":"","background-repeat":"repeat","background-position":"center center","background-size":"auto","background-attachment":"scroll","background-type":"","background-media":"","overlay-type":"","overlay-color":"","overlay-gradient":""},"tablet":{"background-color":"var(--ast-global-color-5)","background-image":"","background-repeat":"repeat","background-position":"center center","background-size":"auto","background-attachment":"scroll","background-type":"","background-media":"","overlay-type":"","overlay-color":"","overlay-gradient":""},"mobile":{"background-color":"var(--ast-global-color-5)","background-image":"","background-repeat":"repeat","background-position":"center center","background-size":"auto","background-attachment":"scroll","background-type":"","background-media":"","overlay-type":"","overlay-color":"","overlay-gradient":""}}},"product_cat":[77],"product_tag":[],"class_list":{"0":"post-1077","1":"product","2":"type-product","3":"status-publish","4":"has-post-thumbnail","6":"product_cat-packs-regalo","7":"desktop-align-left","8":"tablet-align-left","9":"mobile-align-left","11":"first","12":"instock","13":"shipping-taxable","14":"product-type-simple"},"_links":{"self":[{"href":"https:\/\/postesalelles.com\/es\/wp-json\/wp\/v2\/product\/1077","targetHints":{"allow":["GET"]}}],"collection":[{"href":"https:\/\/postesalelles.com\/es\/wp-json\/wp\/v2\/product"}],"about":[{"href":"https:\/\/postesalelles.com\/es\/wp-json\/wp\/v2\/types\/product"}],"replies":[{"embeddable":true,"href":"https:\/\/postesalelles.com\/es\/wp-json\/wp\/v2\/comments?post=1077"}],"version-history":[{"count":0,"href":"https:\/\/postesalelles.com\/es\/wp-json\/wp\/v2\/product\/1077\/revisions"}],"wp:featuredmedia":[{"embeddable":true,"href":"https:\/\/postesalelles.com\/es\/wp-json\/wp\/v2\/media\/410"}],"wp:attachment":[{"href":"https:\/\/postesalelles.com\/es\/wp-json\/wp\/v2\/media?parent=1077"}],"wp:term":[{"taxonomy":"product_cat","embeddable":true,"href":"https:\/\/postesalelles.com\/es\/wp-json\/wp\/v2\/product_cat?post=1077"},{"taxonomy":"product_tag","embeddable":true,"href":"https:\/\/postesalelles.com\/es\/wp-json\/wp\/v2\/product_tag?post=1077"}],"curies":[{"name":"wp","href":"https:\/\/api.w.org\/{rel}","templated":true}]}}