{"id":910,"date":"2024-02-28T16:58:34","date_gmt":"2024-02-28T16:58:34","guid":{"rendered":"https:\/\/postesalelles.com\/inicio\/"},"modified":"2025-01-15T15:03:25","modified_gmt":"2025-01-15T15:03:25","slug":"inicio","status":"publish","type":"page","link":"https:\/\/postesalelles.com\/es\/","title":{"rendered":"Inicio"},"content":{"rendered":"\t\t<div data-elementor-type=\"wp-page\" data-elementor-id=\"910\" class=\"elementor elementor-910 elementor-22\" data-elementor-post-type=\"page\">\n\t\t\t\t<div class=\"elementor-element elementor-element-6e5b2df elementor-hidden-tablet elementor-hidden-mobile e-flex e-con-boxed e-con e-parent\" data-id=\"6e5b2df\" data-element_type=\"container\" data-settings=\"{&quot;background_background&quot;:&quot;classic&quot;}\">\n\t\t\t\t\t<div class=\"e-con-inner\">\n\t\t\t\t<div class=\"elementor-element elementor-element-c132c0a elementor-widget elementor-widget-image\" data-id=\"c132c0a\" data-element_type=\"widget\" data-widget_type=\"image.default\">\n\t\t\t\t<div class=\"elementor-widget-container\">\n\t\t\t\t\t\t\t\t\t\t\t\t\t\t\t<img fetchpriority=\"high\" decoding=\"async\" width=\"1024\" height=\"781\" src=\"https:\/\/postesalelles.com\/wp-content\/uploads\/2024\/02\/white-logo-2048x1561-1-1024x781.png\" class=\"attachment-large size-large wp-image-26\" alt=\"\" srcset=\"https:\/\/postesalelles.com\/wp-content\/uploads\/2024\/02\/white-logo-2048x1561-1-1024x781.png 1024w, https:\/\/postesalelles.com\/wp-content\/uploads\/2024\/02\/white-logo-2048x1561-1-600x457.png 600w, https:\/\/postesalelles.com\/wp-content\/uploads\/2024\/02\/white-logo-2048x1561-1-300x229.png 300w, https:\/\/postesalelles.com\/wp-content\/uploads\/2024\/02\/white-logo-2048x1561-1-768x585.png 768w, https:\/\/postesalelles.com\/wp-content\/uploads\/2024\/02\/white-logo-2048x1561-1-1536x1171.png 1536w, https:\/\/postesalelles.com\/wp-content\/uploads\/2024\/02\/white-logo-2048x1561-1.png 2048w\" sizes=\"(max-width: 1024px) 100vw, 1024px\" \/>\t\t\t\t\t\t\t\t\t\t\t\t\t\t\t<\/div>\n\t\t\t\t<\/div>\n\t\t\t\t<div class=\"elementor-element elementor-element-5aa32cc elementor-widget elementor-widget-heading\" data-id=\"5aa32cc\" data-element_type=\"widget\" data-widget_type=\"heading.default\">\n\t\t\t\t<div class=\"elementor-widget-container\">\n\t\t\t\t\t<h2 class=\"elementor-heading-title elementor-size-default\">Bienvenido\/a a Poste Salelles<\/h2>\t\t\t\t<\/div>\n\t\t\t\t<\/div>\n\t\t\t\t<div class=\"elementor-element elementor-element-887ff45 elementor-widget elementor-widget-heading\" data-id=\"887ff45\" data-element_type=\"widget\" data-widget_type=\"heading.default\">\n\t\t\t\t<div class=\"elementor-widget-container\">\n\t\t\t\t\t<h2 class=\"elementor-heading-title elementor-size-default\">Un espacio pensado para ti<\/h2>\t\t\t\t<\/div>\n\t\t\t\t<\/div>\n\t\t\t\t<div class=\"elementor-element elementor-element-246da6c elementor-widget elementor-widget-text-editor\" data-id=\"246da6c\" data-element_type=\"widget\" data-widget_type=\"text-editor.default\">\n\t\t\t\t<div class=\"elementor-widget-container\">\n\t\t\t\t\t\t\t\t\t<p>Te proponemos una cocina de ra\u00edz tradicional catalana, actualizada y de calidad, en un restaurante donde podr\u00e1s disfrutar en familia o con amigos. Tenemos espacios adaptados para grupos. Nuestros esfuerzos est\u00e1n dirigidos a ofrecer la mejor atenci\u00f3n, por eso, trabajamos para que te sientas como casa y puedas disfrutar de la mejor oferta gastron\u00f3mica a precios ajustados, en un ambiente tranquilo y agradable.<\/p>\n\t\t\t\t\t\t\t\t<\/div>\n\t\t\t\t<\/div>\n\t\t\t\t<div class=\"elementor-element elementor-element-9f23996 elementor-widget elementor-widget-heading\" data-id=\"9f23996\" data-element_type=\"widget\" data-widget_type=\"heading.default\">\n\t\t\t\t<div class=\"elementor-widget-container\">\n\t\t\t\t\t<h2 class=\"elementor-heading-title elementor-size-default\">Estaremos encantados de atenderte<\/h2>\t\t\t\t<\/div>\n\t\t\t\t<\/div>\n\t\t\t\t<div class=\"elementor-element elementor-element-679194f elementor-widget elementor-widget-text-editor\" data-id=\"679194f\" data-element_type=\"widget\" data-widget_type=\"text-editor.default\">\n\t\t\t\t<div class=\"elementor-widget-container\">\n\t\t\t\t\t\t\t\t\t<p>Nuestra intenci\u00f3n es ofrecer la mejor atenci\u00f3n y comodidad a nuestros clientes, por eso, adem\u00e1s de poder disfrutar de una cocina de calidad tambi\u00e9n disponemos de una terraza con parque infantil y una programaci\u00f3n de actos infantiles para vuestros hijos e hijas.<\/p>\n\t\t\t\t\t\t\t\t<\/div>\n\t\t\t\t<\/div>\n\t\t\t\t<div class=\"elementor-element elementor-element-046bee0 elementor-widget elementor-widget-button\" data-id=\"046bee0\" data-element_type=\"widget\" data-widget_type=\"button.default\">\n\t\t\t\t<div class=\"elementor-widget-container\">\n\t\t\t\t\t\t\t\t\t<div class=\"elementor-button-wrapper\">\n\t\t\t\t\t<a class=\"elementor-button elementor-button-link elementor-size-sm\" href=\"https:\/\/postesalelles.com\/es\/tienda\/\">\n\t\t\t\t\t\t<span class=\"elementor-button-content-wrapper\">\n\t\t\t\t\t\t\t\t\t<span class=\"elementor-button-text\">Visita nuestra tienda<\/span>\n\t\t\t\t\t<\/span>\n\t\t\t\t\t<\/a>\n\t\t\t\t<\/div>\n\t\t\t\t\t\t\t\t<\/div>\n\t\t\t\t<\/div>\n\t\t\t\t\t<\/div>\n\t\t\t\t<\/div>\n\t\t<div class=\"elementor-element elementor-element-592d582 elementor-hidden-desktop e-flex e-con-boxed e-con e-parent\" data-id=\"592d582\" data-element_type=\"container\" data-settings=\"{&quot;background_background&quot;:&quot;classic&quot;}\">\n\t\t\t\t\t<div class=\"e-con-inner\">\n\t\t\t\t<div class=\"elementor-element elementor-element-c1c36a7 elementor-widget elementor-widget-image\" data-id=\"c1c36a7\" data-element_type=\"widget\" data-widget_type=\"image.default\">\n\t\t\t\t<div class=\"elementor-widget-container\">\n\t\t\t\t\t\t\t\t\t\t\t\t\t\t\t<img fetchpriority=\"high\" decoding=\"async\" width=\"1024\" height=\"781\" src=\"https:\/\/postesalelles.com\/wp-content\/uploads\/2024\/02\/white-logo-2048x1561-1-1024x781.png\" class=\"attachment-large size-large wp-image-26\" alt=\"\" srcset=\"https:\/\/postesalelles.com\/wp-content\/uploads\/2024\/02\/white-logo-2048x1561-1-1024x781.png 1024w, https:\/\/postesalelles.com\/wp-content\/uploads\/2024\/02\/white-logo-2048x1561-1-600x457.png 600w, https:\/\/postesalelles.com\/wp-content\/uploads\/2024\/02\/white-logo-2048x1561-1-300x229.png 300w, https:\/\/postesalelles.com\/wp-content\/uploads\/2024\/02\/white-logo-2048x1561-1-768x585.png 768w, https:\/\/postesalelles.com\/wp-content\/uploads\/2024\/02\/white-logo-2048x1561-1-1536x1171.png 1536w, https:\/\/postesalelles.com\/wp-content\/uploads\/2024\/02\/white-logo-2048x1561-1.png 2048w\" sizes=\"(max-width: 1024px) 100vw, 1024px\" \/>\t\t\t\t\t\t\t\t\t\t\t\t\t\t\t<\/div>\n\t\t\t\t<\/div>\n\t\t\t\t<div class=\"elementor-element elementor-element-6adefde elementor-widget elementor-widget-heading\" data-id=\"6adefde\" data-element_type=\"widget\" data-widget_type=\"heading.default\">\n\t\t\t\t<div class=\"elementor-widget-container\">\n\t\t\t\t\t<h2 class=\"elementor-heading-title elementor-size-default\">Bienvenido\/a a Poste Salelles<\/h2>\t\t\t\t<\/div>\n\t\t\t\t<\/div>\n\t\t\t\t\t<\/div>\n\t\t\t\t<\/div>\n\t\t<div class=\"elementor-element elementor-element-4a2f80b elementor-hidden-desktop e-flex e-con-boxed e-con e-parent\" data-id=\"4a2f80b\" data-element_type=\"container\">\n\t\t\t\t\t<div class=\"e-con-inner\">\n\t\t<div class=\"elementor-element elementor-element-3326650 e-flex e-con-boxed e-con e-child\" data-id=\"3326650\" data-element_type=\"container\">\n\t\t\t\t\t<div class=\"e-con-inner\">\n\t\t\t\t<div class=\"elementor-element elementor-element-0527bf5 elementor-widget elementor-widget-heading\" data-id=\"0527bf5\" data-element_type=\"widget\" data-widget_type=\"heading.default\">\n\t\t\t\t<div class=\"elementor-widget-container\">\n\t\t\t\t\t<h2 class=\"elementor-heading-title elementor-size-default\">Un espacio pensado para ti<\/h2>\t\t\t\t<\/div>\n\t\t\t\t<\/div>\n\t\t\t\t<div class=\"elementor-element elementor-element-d4d6ed7 elementor-widget elementor-widget-text-editor\" data-id=\"d4d6ed7\" data-element_type=\"widget\" data-widget_type=\"text-editor.default\">\n\t\t\t\t<div class=\"elementor-widget-container\">\n\t\t\t\t\t\t\t\t\t<p>Te proponemos una cocina de ra\u00edz tradicional catalana, actualizada y de calidad, en un restaurante donde podr\u00e1s disfrutar en familia o con amigos. Tenemos espacios adaptados para grupos. Nuestros esfuerzos est\u00e1n dirigidos a ofrecer la mejor atenci\u00f3n, por eso, trabajamos para que te sientas como casa y puedas disfrutar de la mejor oferta gastron\u00f3mica a precios ajustados, en un ambiente tranquilo y agradable.<\/p>\n\t\t\t\t\t\t\t\t<\/div>\n\t\t\t\t<\/div>\n\t\t\t\t<div class=\"elementor-element elementor-element-34eafbc elementor-widget elementor-widget-heading\" data-id=\"34eafbc\" data-element_type=\"widget\" data-widget_type=\"heading.default\">\n\t\t\t\t<div class=\"elementor-widget-container\">\n\t\t\t\t\t<h2 class=\"elementor-heading-title elementor-size-default\">Estaremos encantados de atenderte<\/h2>\t\t\t\t<\/div>\n\t\t\t\t<\/div>\n\t\t\t\t<div class=\"elementor-element elementor-element-68024b1 elementor-widget elementor-widget-text-editor\" data-id=\"68024b1\" data-element_type=\"widget\" data-widget_type=\"text-editor.default\">\n\t\t\t\t<div class=\"elementor-widget-container\">\n\t\t\t\t\t\t\t\t\t<p>Nuestra intenci\u00f3n es ofrecer la mejor atenci\u00f3n y comodidad a nuestros clientes, por eso, adem\u00e1s de poder disfrutar de una cocina de calidad tambi\u00e9n disponemos de una terraza con parque infantil y una programaci\u00f3n de actos infantiles para vuestros hijos e hijas.<\/p>\n\t\t\t\t\t\t\t\t<\/div>\n\t\t\t\t<\/div>\n\t\t\t\t<div class=\"elementor-element elementor-element-7e3b964 elementor-mobile-align-center elementor-widget elementor-widget-button\" data-id=\"7e3b964\" data-element_type=\"widget\" data-widget_type=\"button.default\">\n\t\t\t\t<div class=\"elementor-widget-container\">\n\t\t\t\t\t\t\t\t\t<div class=\"elementor-button-wrapper\">\n\t\t\t\t\t<a class=\"elementor-button elementor-button-link elementor-size-sm\" href=\"https:\/\/postesalelles.com\/es\/tienda\/\">\n\t\t\t\t\t\t<span class=\"elementor-button-content-wrapper\">\n\t\t\t\t\t\t\t\t\t<span class=\"elementor-button-text\">Visita nuestra tienda<\/span>\n\t\t\t\t\t<\/span>\n\t\t\t\t\t<\/a>\n\t\t\t\t<\/div>\n\t\t\t\t\t\t\t\t<\/div>\n\t\t\t\t<\/div>\n\t\t\t\t\t<\/div>\n\t\t\t\t<\/div>\n\t\t\t\t\t<\/div>\n\t\t\t\t<\/div>\n\t\t\t\t<\/div>\n\t\t","protected":false},"excerpt":{"rendered":"<p>Bienvenido\/a a Poste Salelles Un espacio pensado para ti Te proponemos una cocina de ra\u00edz tradicional catalana, actualizada y de [&hellip;]<\/p>\n","protected":false},"author":1,"featured_media":0,"parent":0,"menu_order":0,"comment_status":"closed","ping_status":"closed","template":"","meta":{"site-sidebar-layout":"no-sidebar","site-content-layout":"","ast-site-content-layout":"full-width-container","site-content-style":"default","site-sidebar-style":"default","ast-global-header-display":"","ast-banner-title-visibility":"","ast-main-header-display":"","ast-hfb-above-header-display":"","ast-hfb-below-header-display":"","ast-hfb-mobile-header-display":"","site-post-title":"disabled","ast-breadcrumbs-content":"","ast-featured-img":"disabled","footer-sml-layout":"","theme-transparent-header-meta":"","adv-header-id-meta":"","stick-header-meta":"","header-above-stick-meta":"","header-main-stick-meta":"","header-below-stick-meta":"","astra-migrate-meta-layouts":"default","ast-page-background-enabled":"default","ast-page-background-meta":{"desktop":{"background-color":"var(--ast-global-color-4)","background-image":"","background-repeat":"repeat","background-position":"center center","background-size":"auto","background-attachment":"scroll","background-type":"","background-media":"","overlay-type":"","overlay-color":"","overlay-gradient":""},"tablet":{"background-color":"","background-image":"","background-repeat":"repeat","background-position":"center center","background-size":"auto","background-attachment":"scroll","background-type":"","background-media":"","overlay-type":"","overlay-color":"","overlay-gradient":""},"mobile":{"background-color":"","background-image":"","background-repeat":"repeat","background-position":"center center","background-size":"auto","background-attachment":"scroll","background-type":"","background-media":"","overlay-type":"","overlay-color":"","overlay-gradient":""}},"ast-content-background-meta":{"desktop":{"background-color":"var(--ast-global-color-5)","background-image":"","background-repeat":"repeat","background-position":"center center","background-size":"auto","background-attachment":"scroll","background-type":"","background-media":"","overlay-type":"","overlay-color":"","overlay-gradient":""},"tablet":{"background-color":"var(--ast-global-color-5)","background-image":"","background-repeat":"repeat","background-position":"center center","background-size":"auto","background-attachment":"scroll","background-type":"","background-media":"","overlay-type":"","overlay-color":"","overlay-gradient":""},"mobile":{"background-color":"var(--ast-global-color-5)","background-image":"","background-repeat":"repeat","background-position":"center center","background-size":"auto","background-attachment":"scroll","background-type":"","background-media":"","overlay-type":"","overlay-color":"","overlay-gradient":""}},"footnotes":""},"class_list":["post-910","page","type-page","status-publish","hentry"],"_links":{"self":[{"href":"https:\/\/postesalelles.com\/es\/wp-json\/wp\/v2\/pages\/910","targetHints":{"allow":["GET"]}}],"collection":[{"href":"https:\/\/postesalelles.com\/es\/wp-json\/wp\/v2\/pages"}],"about":[{"href":"https:\/\/postesalelles.com\/es\/wp-json\/wp\/v2\/types\/page"}],"author":[{"embeddable":true,"href":"https:\/\/postesalelles.com\/es\/wp-json\/wp\/v2\/users\/1"}],"replies":[{"embeddable":true,"href":"https:\/\/postesalelles.com\/es\/wp-json\/wp\/v2\/comments?post=910"}],"version-history":[{"count":6,"href":"https:\/\/postesalelles.com\/es\/wp-json\/wp\/v2\/pages\/910\/revisions"}],"predecessor-version":[{"id":1373,"href":"https:\/\/postesalelles.com\/es\/wp-json\/wp\/v2\/pages\/910\/revisions\/1373"}],"wp:attachment":[{"href":"https:\/\/postesalelles.com\/es\/wp-json\/wp\/v2\/media?parent=910"}],"curies":[{"name":"wp","href":"https:\/\/api.w.org\/{rel}","templated":true}]}}