{"id":1014,"date":"2024-02-29T10:50:40","date_gmt":"2024-02-29T10:50:40","guid":{"rendered":"https:\/\/postesalelles.com\/accesibilitat\/"},"modified":"2025-01-15T13:39:49","modified_gmt":"2025-01-15T13:39:49","slug":"accesibilitat","status":"publish","type":"page","link":"https:\/\/postesalelles.com\/es\/accesibilitat\/","title":{"rendered":"Accesibilitat"},"content":{"rendered":"\t\t<div data-elementor-type=\"wp-page\" data-elementor-id=\"1014\" class=\"elementor elementor-1014 elementor-171\" data-elementor-post-type=\"page\">\n\t\t\t\t<div class=\"elementor-element elementor-element-5a8f5d8 e-flex e-con-boxed e-con e-parent\" data-id=\"5a8f5d8\" data-element_type=\"container\">\n\t\t\t\t\t<div class=\"e-con-inner\">\n\t\t\t\t<div class=\"elementor-element elementor-element-47eda97 elementor-widget elementor-widget-text-editor\" data-id=\"47eda97\" data-element_type=\"widget\" data-widget_type=\"text-editor.default\">\n\t\t\t\t<div class=\"elementor-widget-container\">\n\t\t\t\t\t\t\t\t\t<h1><strong>Accesibilitat<\/strong><\/h1>\n<p>La present declaraci\u00f3 d\u2019accessibilitat s\u2019aplica al lloc web https:\/\/postesalelles.com\/ :<\/p>\n<h3>SITUACI\u00d3 DE COMPLIMENT<\/h3>\n<p>Aquest lloc web \u00e9s parcialment conforme amb l\u2019RD 1112\/2018 a causa de les excepcions i a la falta de conformitat dels aspectes que s\u2019indiquen en el seg\u00fcent punt.<\/p>\n<h3>CONTINGUT NO ACCESSIBLE<\/h3>\n<p>El contingut que es recull a continuaci\u00f3 no \u00e9s accessible pel seg\u00fcent:<\/p>\n<p>Falta de conformitat amb l\u2019RD 1112\/2018<\/p>\n<p>Podrien existir alguns aspectes de contrast que no compleixin els m\u00ednims exigits, 3:1, respecte als colors adjacents del fons de la secci\u00f3 de la web en q\u00fcesti\u00f3. [9 .1.4.11 Contraste no textual]<\/p>\n<p>Podrien existir alguns elements no textuals no etiquetats correctament [2 .5.3 Etiqueta en el nombre] i [4 .1.2 Nombre funci\u00f3n y valor]<\/p>\n<p>Els cercadors busquen autom\u00e0ticament sense necessitat d\u2019ordenar cap acci\u00f3 per part de l\u2019usuari [3 .2.2 Al recibir entradas]<\/p>\n<p>Podrien existir alguns textos en un altre idioma no etiquetats correctament [3 .1.2 Idioma de las partes]<\/p>\n<p>Podrien existir errors de codi puntuals d\u2019edici\u00f3 en alguna p\u00e0gina web. [4 .1.1 Procesamiento]<\/p>\n<p>C\u00e1rga desproporcionada <br \/>No aplica.<\/p>\n<p>El contingut no entra dins de l\u2019\u00e0mbit de la legislaci\u00f3 aplicable<\/p>\n<p>PREPARACI\u00d3 DE LA SEG\u00dcENT DECLARACI\u00d3 D\u2019ACCESSIBILITAT<\/p>\n<p>La present declaraci\u00f3 va ser preparada el 1 d\u2019abril de 2023.<\/p>\n<p>El m\u00e8tode emprat per a preparar la declaraci\u00f3 ha estat una avaluaci\u00f3 manual duta a terme per AVANCEM AMB VOST\u00c8 S.L. (AVANNUBO).<\/p>\n<p>La Declaraci\u00f3 d\u2019Accessibilitat ha estat revisada i actualitzada al abril de 2023.<\/p>\n<h3>OBSERVACIONS I DADES DE CONTACTE<\/h3>\n<p>Pot realitzar comunicacions sobre requisits d\u2019accessibilitat (articulo 10.2.a de l\u2019RD 1112\/2018) com per exemple:<\/p>\n<p>Informar sobre qualsevol possible incompliment per part d\u2019aquest lloc web<br \/>Transmetre altres dificultats d\u2019acc\u00e9s al contingut<br \/>Formular qualsevol altra consulta o suggeriment de millora relativa a l\u2019accessibilitat del lloc web<br \/>A trav\u00e9s del mail de contacte d\u2019aquest lloc web o a trav\u00e9s del n\u00famero de tel\u00e8fon (+34) 938 35 83 40<\/p>\n<p>Pot presentar:<\/p>\n<p>Queja relativa al cumplimiento de los requisitos del RD 1112\/2018 o<br \/>Solicitud de Informaci\u00f3n accesible relativa a:<br \/>Contenidos que est\u00e1n excluidos del \u00e1mbito de aplicaci\u00f3n del RD 1112\/2018 seg\u00fan lo establecido por el art\u00edculo 3, apartado 4<\/p>\n<p>Continguts que estan exempts del compliment dels requisits d\u2019accessibilitat per imposar una c\u00e0rrega desproporcionada.<\/p>\n<p>En la Sol\u00b7licitud d\u2019informaci\u00f3 accessible, s\u2019ha de concretar, amb tota claredat, els fets, raons i petici\u00f3 que permetin constatar que es tracta d\u2019una sol\u00b7licitud raonable i leg\u00edtima.<\/p>\n<p>Les queixes i reclamacions sobre informaci\u00f3 accessible es realitzaran a trav\u00e9s de l\u2019administraci\u00f3, i seran rebudes i tractades per RESTAURANT SALELLES, S.L..<\/p>\n<h3>PROCEDIMENT D\u2019APLICACI\u00d3<\/h3>\n<p>Si una vegada realitzada una sol\u00b7licitud d\u2019informaci\u00f3 accessible o queixa, aquesta hagu\u00e9s estat desestimada, no s\u2019estigu\u00e9s d\u2019acord amb la decisi\u00f3 adoptada, o la resposta no compl\u00eds els requisits contemplats en l\u2019article 12.5, la persona interessada podr\u00e0 iniciar una reclamaci\u00f3. Igualment es podr\u00e0 iniciar una reclamaci\u00f3 en el cas que hagi transcorregut el termini de vint dies h\u00e0bils sense haver obtingut resposta.<\/p>\n<p>La reclamaci\u00f3 pot ser presentada trav\u00e9s de la Inst\u00e0ncia Gen\u00e8rica de la Seu electr\u00f2nica del Ministeri d\u2019Assumptes Econ\u00f2mics i Transformaci\u00f3 Digital , aix\u00ed com en la resta d\u2019opcions recollides en la Llei 39\/ 2015, d\u20191 d\u2019octubre, del Procediment Administratiu Com\u00fa de les Administracions P\u00fabliques. Les reclamacions seran rebudes i tractades per la Subdirecci\u00f3 General d\u2019Inspecci\u00f3 de Serveis del Ministeri.<\/p>\n<h3>CONTINGUT OPCIONAL<\/h3>\n<p>Aquest portal aquesta dissenyat per a poder canviar la grand\u00e0ria del text i el color, aix\u00ed com el fons de la p\u00e0gina mitjan\u00e7ant les opcions de configuraci\u00f3 est\u00e0ndard dels navegadors.<\/p>\n<p>Si desitja canviar la grand\u00e0ria de lletra del text en els principals navegadors gr\u00e0fics utilitzi els seg\u00fcents men\u00fas:<\/p>\n<p>Internet Explorer, Mozilla i Firefox: Veure &gt; Grand\u00e0ria del text<br \/>Opera: Veure &gt; Zoom<br \/>Safari: Veure &gt; Fer el text mes gran<br \/>Chrome: Controla la pagina actual &gt; Tama\u00f1o del texto<br \/>Per a modificar la grand\u00e0ria de tot en la p\u00e0gina:<br \/>Ctrl + + per a augmentar-ho<br \/>Ctrl + \u2013 per a disminuir-ho<br \/>Ctrl + 0 restaura la grand\u00e0ria original del text<br \/>Si el que vol \u00e9s anul\u00b7lar la fulla d\u2019estils o modificar el color del text, pot consultar la p\u00e0gina How to Change Text Size or Colors de la WAI, que es pot llegir tradu\u00efda a l\u2019espanyol en Com canviar la grand\u00e0ria del text o colors?<\/p>\n\t\t\t\t\t\t\t\t<\/div>\n\t\t\t\t<\/div>\n\t\t\t\t\t<\/div>\n\t\t\t\t<\/div>\n\t\t\t\t<\/div>\n\t\t","protected":false},"excerpt":{"rendered":"<p>Accesibilitat La present declaraci\u00f3 d\u2019accessibilitat s\u2019aplica al lloc web https:\/\/postesalelles.com\/ : SITUACI\u00d3 DE COMPLIMENT Aquest lloc web \u00e9s parcialment conforme [&hellip;]<\/p>\n","protected":false},"author":1,"featured_media":0,"parent":0,"menu_order":0,"comment_status":"closed","ping_status":"closed","template":"","meta":{"site-sidebar-layout":"no-sidebar","site-content-layout":"","ast-site-content-layout":"full-width-container","site-content-style":"default","site-sidebar-style":"default","ast-global-header-display":"","ast-banner-title-visibility":"","ast-main-header-display":"","ast-hfb-above-header-display":"","ast-hfb-below-header-display":"","ast-hfb-mobile-header-display":"","site-post-title":"disabled","ast-breadcrumbs-content":"","ast-featured-img":"disabled","footer-sml-layout":"","theme-transparent-header-meta":"","adv-header-id-meta":"","stick-header-meta":"","header-above-stick-meta":"","header-main-stick-meta":"","header-below-stick-meta":"","astra-migrate-meta-layouts":"default","ast-page-background-enabled":"default","ast-page-background-meta":{"desktop":{"background-color":"var(--ast-global-color-4)","background-image":"","background-repeat":"repeat","background-position":"center center","background-size":"auto","background-attachment":"scroll","background-type":"","background-media":"","overlay-type":"","overlay-color":"","overlay-gradient":""},"tablet":{"background-color":"","background-image":"","background-repeat":"repeat","background-position":"center center","background-size":"auto","background-attachment":"scroll","background-type":"","background-media":"","overlay-type":"","overlay-color":"","overlay-gradient":""},"mobile":{"background-color":"","background-image":"","background-repeat":"repeat","background-position":"center center","background-size":"auto","background-attachment":"scroll","background-type":"","background-media":"","overlay-type":"","overlay-color":"","overlay-gradient":""}},"ast-content-background-meta":{"desktop":{"background-color":"var(--ast-global-color-5)","background-image":"","background-repeat":"repeat","background-position":"center center","background-size":"auto","background-attachment":"scroll","background-type":"","background-media":"","overlay-type":"","overlay-color":"","overlay-gradient":""},"tablet":{"background-color":"var(--ast-global-color-5)","background-image":"","background-repeat":"repeat","background-position":"center center","background-size":"auto","background-attachment":"scroll","background-type":"","background-media":"","overlay-type":"","overlay-color":"","overlay-gradient":""},"mobile":{"background-color":"var(--ast-global-color-5)","background-image":"","background-repeat":"repeat","background-position":"center center","background-size":"auto","background-attachment":"scroll","background-type":"","background-media":"","overlay-type":"","overlay-color":"","overlay-gradient":""}},"footnotes":""},"class_list":["post-1014","page","type-page","status-publish","hentry"],"_links":{"self":[{"href":"https:\/\/postesalelles.com\/es\/wp-json\/wp\/v2\/pages\/1014","targetHints":{"allow":["GET"]}}],"collection":[{"href":"https:\/\/postesalelles.com\/es\/wp-json\/wp\/v2\/pages"}],"about":[{"href":"https:\/\/postesalelles.com\/es\/wp-json\/wp\/v2\/types\/page"}],"author":[{"embeddable":true,"href":"https:\/\/postesalelles.com\/es\/wp-json\/wp\/v2\/users\/1"}],"replies":[{"embeddable":true,"href":"https:\/\/postesalelles.com\/es\/wp-json\/wp\/v2\/comments?post=1014"}],"version-history":[{"count":5,"href":"https:\/\/postesalelles.com\/es\/wp-json\/wp\/v2\/pages\/1014\/revisions"}],"predecessor-version":[{"id":1325,"href":"https:\/\/postesalelles.com\/es\/wp-json\/wp\/v2\/pages\/1014\/revisions\/1325"}],"wp:attachment":[{"href":"https:\/\/postesalelles.com\/es\/wp-json\/wp\/v2\/media?parent=1014"}],"curies":[{"name":"wp","href":"https:\/\/api.w.org\/{rel}","templated":true}]}}