{"id":1012,"date":"2024-02-29T10:48:24","date_gmt":"2024-02-29T10:48:24","guid":{"rendered":"https:\/\/postesalelles.com\/avis-legal\/"},"modified":"2025-01-15T13:50:02","modified_gmt":"2025-01-15T13:50:02","slug":"avis-legal","status":"publish","type":"page","link":"https:\/\/postesalelles.com\/es\/avis-legal\/","title":{"rendered":"Aviso legal"},"content":{"rendered":"\t\t<div data-elementor-type=\"wp-page\" data-elementor-id=\"1012\" class=\"elementor elementor-1012 elementor-164\" data-elementor-post-type=\"page\">\n\t\t\t\t<div class=\"elementor-element elementor-element-5a8f5d8 e-flex e-con-boxed e-con e-parent\" data-id=\"5a8f5d8\" data-element_type=\"container\">\n\t\t\t\t\t<div class=\"e-con-inner\">\n\t\t\t\t<div class=\"elementor-element elementor-element-47eda97 elementor-widget elementor-widget-text-editor\" data-id=\"47eda97\" data-element_type=\"widget\" data-widget_type=\"text-editor.default\">\n\t\t\t\t<div class=\"elementor-widget-container\">\n\t\t\t\t\t\t\t\t\t<div style=\"margin-bottom: 40px;\">\n    <h1> Aviso legal <\/h1>\n    <p> Este aviso legal (de ahora en adelante, el \u201cAviso\u201d) regula el uso del portal web postesalelles.net (de ahora en adelante, el \u201cPortal\u201d) que RESTAURANT SALELLES, S.L. , (de ahora en adelante, \u201cRESTAURANT SALELLES, S.L.\u201d) pose a disposici\u00f3n de los usuarios de Internet. La utilizaci\u00f3n del Portal, incluyendo el mero acceso, concede la condici\u00f3n de usuario (de ahora en adelante, lo\/los \u201cUsuario\/s\u201d) y supone la aceptaci\u00f3n llena y sin reservas de todas las estipulaciones de este Aviso que se encuentren en vigor en el momento del acceso. En consecuencia, el Usuario tiene que leer el Aviso cada vez que utilice el Portal. El Usuario es consciente y acepta voluntaria y expresamente que el uso del Portal se realiza en todo caso bajo su exclusiva responsabilidad. <\/p>\n<\/div>\n<div style=\"margin-bottom: 40px;\">\n    <h2> 1.Informaci\u00f3n legal <\/h2>\n    <p> El titular del Portal es: RESTAURANT SALELLES, S.L.<br>Nuestros datos de contacto son los siguientes:<br>Identidad del responsable: Jordi Mone<br>Nombre comercial: RESTAURANT SALELLES, S.L.<br>CIF: B63859383<br>Direcci\u00f3n: Ctra. Igualada a Manresa, Km. 13,9, 08253, Sant Salvador de Guardiola<br>Tel\u00e9fono: 0034938358340<br>Correo electr\u00f3nico: info@postesalelles.com <br>\n    <\/p>\n<\/div>\n<div style=\"margin-bottom: 40px;\">\n    <h2> 2.Condiciones de uso <\/h2>\n    <h3> 2.1.Continguts <\/h3>\n    <p> El acceso en el Portal es de car\u00e1cter gratuito y el Usuario se obliga a hacer un uso adecuado de este, conforme a las condiciones de este Aviso, a la normativa en vigor que resulte de aplicaci\u00f3n, la moral y el orden p\u00fablico. Los contenidos del Portal tienen un car\u00e1cter meramente informativo.<br>La informaci\u00f3n incluida no constituye en ning\u00fan caso una fuente de asesoramiento ni establece una relaci\u00f3n profesional ni de jefe otro tipo entre el Usuario y RESTAURANT SALELLES, S.L. .<br>Su utilizaci\u00f3n es responsabilidad exclusiva del Usuario, por lo cual se desaconseja la toma de decisiones a partir de la informaci\u00f3n facilitada sin contar con el adecuado asesoramiento profesional. RESTAURANT SALELLES, S.L. se reserva el derecho de modificar en cualquier momento y sin previo aviso el contenido del Portal, su Aviso y pol\u00edtica de privacidad o cualquier otra condici\u00f3n o texto que resulte de aplicaci\u00f3n. <\/p>\n    <h3> 2.2.Enlaces <\/h3>\n    <p> Aquellos Usuarios que deseen introducir enlaces desde otras p\u00e1ginas web hacia el Portal tienen que solicitar autorizaci\u00f3n previa a RESTAURANT SALELLES, S.L..<br>En cualquier caso, estos enlaces se autorizar\u00e1n bajo las siguientes condiciones: Tienen que dirigirse a la p\u00e1gina principal u hombre page del Portal sin reproducirla en ninguna forma. Se proh\u00edbe la creaci\u00f3n de marcos o frames de cualquier tipo que permitan que el Portal sea visualizado a trav\u00e9s de direcciones diferentes o de forma que induzca a error, confusi\u00f3n o enga\u00f1o a los usuarios respecto del origen del contenido, implique una conducta desleal, utilice o perjudique de cualquier forma la reputaci\u00f3n e imagen del despacho y su marca o sea contrario de cualquier forma a la normativa vigente, la moral o el orden p\u00fablico Se proh\u00edbe la utilizaci\u00f3n de cualquier marca o signo distintivo de RESTAURANT SALELLES, S.L. que no cuente con autorizaci\u00f3n expr\u00e9s de su titular. La existencia de este tipo de enlaces no implica de ninguna forma la existencia de relaciones entre RESTAURANT SALELLES, S.L., el propietario del lugar o de la p\u00e1gina web en la cual se establezca el enlace hacia el Portal, ni la aceptaci\u00f3n o aprobaci\u00f3n de sus contenidos o servicios. A su vez, RESTAURANT SALELLES, S.L. puede introducir en el Portal enlaces que permiten a los Usuarios acceder en p\u00e1ginas web de terceros para facilitar la navegaci\u00f3n y experiencia.<br>En estos casos, RESTAURANT SALELLES, S.L. no se responsabiliza del contenido o servicios ofrecidos por estos ni de los da\u00f1os que puedan originarse con motivo de su consulta o utilizaci\u00f3n. En todo caso, RESTAURANT SALELLES, S.L. se reserva el derecho de prohibir en cualquier momento el uso de los enlaces previamente autorizados, entre otros, en los supuestos de actividad o contenidos il\u00edcitos de la p\u00e1gina web en la cual se incluye el enlace.<\/p> \n<\/div>\n<div style=\"margin-bottom: 40px;\">\n    <h2> 3.Propiedad intelectual <\/h2>\n    <p> Todos los contenidos del Portal son propiedad intelectual\/industrial de RESTAURANT SALELLES, S.L. o de terceros que han proporcionado las autorizaciones o licencias necesarias para su utilizaci\u00f3n.<br>Entre otros, el nombre del dominio,las marcas, el Portal, el c\u00f3digo fuente, y la tecnolog\u00eda asociada a este, los contenidos publicados, incluyendo los dise\u00f1os, textos e im\u00e1genes.<br> El Usuario no podr\u00e1 realizar una reproducci\u00f3n, transformaci\u00f3n, distribuci\u00f3n, comunicaci\u00f3n p\u00fablica, puesta a disposici\u00f3n,extracci\u00f3n o uso, por cualquier medio o procedimiento, de los citados elementos, excepto en los casos en que est\u00e9 legalmente permitido o sea autorizado de manera expr\u00e9s por RESTAURANT SALELLES, S.L. <\/p>\n<\/div>\n<div style=\"margin-bottom: 40px;\">\n    <h2> 4.Responsabilidad <\/h2>\n    <h3> 4.1.Contenidos <\/h3>\n    <p> RESTAURANT SALELLES, S.L. y su personal aplicar\u00e1n los medios y esfuerzos razonables a facilitar a trav\u00e9s del Portal informaci\u00f3n actualizada y fehaciente.<br>Sin embargo, no se hacen responsables de los errores u omisiones de la informaci\u00f3n o contenidos facilitados a trav\u00e9s del Portal ni de la aplicaci\u00f3n o uso concreto que pudiera hacerse de estos. El acceso en el Portal no implica la obligaci\u00f3n de RESTAURANT SALELLES, S.L. ni de su personal de comprobar la veracidad, exactitud, idoneidad, adecuaci\u00f3n, exhaustividad y actualidad de la informaci\u00f3n y contenidos.<br>Los contenidos del Portal no suponen en ninguno forma la prestaci\u00f3n de ning\u00fan servicio legal. El Usuario es el \u00fanico responsable frente a cualquier reclamaci\u00f3n o acci\u00f3n legal, judicial o extrajudicial, iniciada por terceros contra RESTAURANT SALELLES, S.L. que tenga su origen en la utilizaci\u00f3n del Portal por el Usuario.<br>En su caso, el Usuario asumir\u00e1 los gastos, costes e indemnizaciones originados a RESTAURANT SALELLES, S.L. con motivo de tales reclamaciones o acciones legales. <\/p>\n    <h3> 4.2.Funcionamiento <\/h3>\n    <p> RESTAURANT SALELLES, S.L. no se hace responsable por las interferencias, omisiones, interrupciones, virus inform\u00e1ticos u otros elementos que puedan producir alteraciones en los sistemas del Usuario o en sus documentos o ficheros motivados por causas ajenas a RESTAURANT SALELLES, S.L. o en caso de haber adoptado este medidas de seguridad razonablemente adecuadas. Del mismo modo, RESTAURANT SALELLES, S.L. no asume la responsabilidad derivada de retrasos o, bloqueos en el funcionamiento operativo del Portal causado por deficiencias o sobrecarga en las l\u00edneas telef\u00f3nicas o en Internet, as\u00ed como de da\u00f1os causados por terceras personas mediante intromisiones ilegitimas. RESTAURANT SALELLES, S.L. se reserva el derecho de suspender el acceso en el Portal con motivo de operaciones de mantenimiento, reparaci\u00f3n y\/o mejora. <\/p>\n    <h3> .3.Enlaces <\/h3>\n    <p> RESTAURANT SALELLES, S.L. no se hace responsable de los contenidos y servicios de aquellas p\u00e1ginas web que puedan estar enlazadas en el Portal m\u00e1s all\u00e1 de la responsabilidad asignada por la Ley 34\/2002, de 12 de julio, de Servicios de la Sociedad de la Informaci\u00f3n y el E-commerce, en la medida en que pudiera tener conocimiento efectivo de la ilicitud de los contenidos y servicios suministrados en el portal web enlazado y no desactive el enlace con la diligencia debida. Si desea poner en nuestro conocimiento la existencia de un enlace hacia un sitio web con contenidos que considera inadecuados o il\u00edcitos puede ponerse en contacto con nosotros en info@postesalelles.com. <\/p>\n<\/div>\n<div style=\"margin-bottom: 40px;\">\n    <h2> 5.Protecci\u00f3n de datos <\/h2>\n    <p> Puede acceder a la informaci\u00f3n detallada respecto del tratamiento de los datos personales que RESTAURANT SALELLES, S.L. lleva a cabo de los Usuarios visitando nuestra Pol\u00edtica de privacidad. <\/p>\n<\/div>\n<div style=\"margin-bottom: 40px;\">\n    <h2> 6.Legislaci\u00f3n <\/h2>\n    <p> El presente Aviso Legal se rige e interpreta, en caso de resultar necesario, por la legislaci\u00f3n com\u00fan espa\u00f1ola y, salvo que se establezca el contrario en la normativa aplicable, cualquier conflicto se somete por las partes a los jueces y tribunales de la ciudad de Barcelona. <\/p>\n<\/div>\t\t\t\t\t\t\t\t<\/div>\n\t\t\t\t<\/div>\n\t\t\t\t\t<\/div>\n\t\t\t\t<\/div>\n\t\t\t\t<\/div>\n\t\t","protected":false},"excerpt":{"rendered":"<p>Aviso legal Este aviso legal (de ahora en adelante, el \u201cAviso\u201d) regula el uso del portal web postesalelles.net (de ahora [&hellip;]<\/p>\n","protected":false},"author":1,"featured_media":0,"parent":0,"menu_order":0,"comment_status":"closed","ping_status":"closed","template":"","meta":{"site-sidebar-layout":"no-sidebar","site-content-layout":"","ast-site-content-layout":"full-width-container","site-content-style":"default","site-sidebar-style":"default","ast-global-header-display":"","ast-banner-title-visibility":"","ast-main-header-display":"","ast-hfb-above-header-display":"","ast-hfb-below-header-display":"","ast-hfb-mobile-header-display":"","site-post-title":"disabled","ast-breadcrumbs-content":"","ast-featured-img":"disabled","footer-sml-layout":"","theme-transparent-header-meta":"","adv-header-id-meta":"","stick-header-meta":"","header-above-stick-meta":"","header-main-stick-meta":"","header-below-stick-meta":"","astra-migrate-meta-layouts":"default","ast-page-background-enabled":"default","ast-page-background-meta":{"desktop":{"background-color":"var(--ast-global-color-4)","background-image":"","background-repeat":"repeat","background-position":"center center","background-size":"auto","background-attachment":"scroll","background-type":"","background-media":"","overlay-type":"","overlay-color":"","overlay-gradient":""},"tablet":{"background-color":"","background-image":"","background-repeat":"repeat","background-position":"center center","background-size":"auto","background-attachment":"scroll","background-type":"","background-media":"","overlay-type":"","overlay-color":"","overlay-gradient":""},"mobile":{"background-color":"","background-image":"","background-repeat":"repeat","background-position":"center center","background-size":"auto","background-attachment":"scroll","background-type":"","background-media":"","overlay-type":"","overlay-color":"","overlay-gradient":""}},"ast-content-background-meta":{"desktop":{"background-color":"var(--ast-global-color-5)","background-image":"","background-repeat":"repeat","background-position":"center center","background-size":"auto","background-attachment":"scroll","background-type":"","background-media":"","overlay-type":"","overlay-color":"","overlay-gradient":""},"tablet":{"background-color":"var(--ast-global-color-5)","background-image":"","background-repeat":"repeat","background-position":"center center","background-size":"auto","background-attachment":"scroll","background-type":"","background-media":"","overlay-type":"","overlay-color":"","overlay-gradient":""},"mobile":{"background-color":"var(--ast-global-color-5)","background-image":"","background-repeat":"repeat","background-position":"center center","background-size":"auto","background-attachment":"scroll","background-type":"","background-media":"","overlay-type":"","overlay-color":"","overlay-gradient":""}},"footnotes":""},"class_list":["post-1012","page","type-page","status-publish","hentry"],"_links":{"self":[{"href":"https:\/\/postesalelles.com\/es\/wp-json\/wp\/v2\/pages\/1012","targetHints":{"allow":["GET"]}}],"collection":[{"href":"https:\/\/postesalelles.com\/es\/wp-json\/wp\/v2\/pages"}],"about":[{"href":"https:\/\/postesalelles.com\/es\/wp-json\/wp\/v2\/types\/page"}],"author":[{"embeddable":true,"href":"https:\/\/postesalelles.com\/es\/wp-json\/wp\/v2\/users\/1"}],"replies":[{"embeddable":true,"href":"https:\/\/postesalelles.com\/es\/wp-json\/wp\/v2\/comments?post=1012"}],"version-history":[{"count":6,"href":"https:\/\/postesalelles.com\/es\/wp-json\/wp\/v2\/pages\/1012\/revisions"}],"predecessor-version":[{"id":1327,"href":"https:\/\/postesalelles.com\/es\/wp-json\/wp\/v2\/pages\/1012\/revisions\/1327"}],"wp:attachment":[{"href":"https:\/\/postesalelles.com\/es\/wp-json\/wp\/v2\/media?parent=1012"}],"curies":[{"name":"wp","href":"https:\/\/api.w.org\/{rel}","templated":true}]}}